{"id":38,"date":"2014-07-11T10:40:46","date_gmt":"2014-07-11T08:40:46","guid":{"rendered":"http:\/\/schuetzenverein-hegensdorf.de\/?page_id=38"},"modified":"2022-03-01T19:26:18","modified_gmt":"2022-03-01T17:26:18","slug":"vermietung","status":"publish","type":"page","link":"http:\/\/schuetzenverein-hegensdorf.de\/?page_id=38","title":{"rendered":"Vermietung"},"content":{"rendered":"<p>F\u00fcr Feierlichkeiten aller Art kann die Gemeindehalle Hegensdorf angemietet werden. Egal ob es der beliebte Speiseraum f\u00fcr kleinere Veranstaltungen oder die gesamte Gemeindehalle sein soll: Vorbeischauen lohnt sich!<\/p>\n<p>Besichtigungstermine k\u00f6nnen telefonisch vereinbart werden.<\/p>\n<p>Ansprechpartner f\u00fcr die Hallenvermietung ist:<\/p>\n<p><i>Josef Brune<\/i><br \/>\n<em>Telefon: 0151 28262863<\/em><\/p>\n","protected":false},"excerpt":{"rendered":"<p>F\u00fcr Feierlichkeiten aller Art kann die Gemeindehalle Hegensdorf angemietet werden. Egal ob es der beliebte Speiseraum f\u00fcr kleinere Veranstaltungen oder die gesamte Gemeindehalle sein soll: Vorbeischauen lohnt sich! Besichtigungstermine k\u00f6nnen telefonisch vereinbart werden. Ansprechpartner f\u00fcr die Hallenvermietung ist: Josef Brune <a class=\"more-link\" href=\"http:\/\/schuetzenverein-hegensdorf.de\/?page_id=38\"><span class=\"screen-reader-text\">  Vermietung<\/span> weiterlesen<span class=\"meta-nav\">&rarr;<\/span><\/a><\/p>\n","protected":false},"author":2,"featured_media":0,"parent":0,"menu_order":0,"comment_status":"closed","ping_status":"closed","template":"","meta":{"footnotes":""},"class_list":["post-38","page","type-page","status-publish","hentry"],"jetpack_sharing_enabled":true,"_links":{"self":[{"href":"http:\/\/schuetzenverein-hegensdorf.de\/index.php?rest_route=\/wp\/v2\/pages\/38","targetHints":{"allow":["GET"]}}],"collection":[{"href":"http:\/\/schuetzenverein-hegensdorf.de\/index.php?rest_route=\/wp\/v2\/pages"}],"about":[{"href":"http:\/\/schuetzenverein-hegensdorf.de\/index.php?rest_route=\/wp\/v2\/types\/page"}],"author":[{"embeddable":true,"href":"http:\/\/schuetzenverein-hegensdorf.de\/index.php?rest_route=\/wp\/v2\/users\/2"}],"replies":[{"embeddable":true,"href":"http:\/\/schuetzenverein-hegensdorf.de\/index.php?rest_route=%2Fwp%2Fv2%2Fcomments&post=38"}],"version-history":[{"count":5,"href":"http:\/\/schuetzenverein-hegensdorf.de\/index.php?rest_route=\/wp\/v2\/pages\/38\/revisions"}],"predecessor-version":[{"id":718,"href":"http:\/\/schuetzenverein-hegensdorf.de\/index.php?rest_route=\/wp\/v2\/pages\/38\/revisions\/718"}],"wp:attachment":[{"href":"http:\/\/schuetzenverein-hegensdorf.de\/index.php?rest_route=%2Fwp%2Fv2%2Fmedia&parent=38"}],"curies":[{"name":"wp","href":"https:\/\/api.w.org\/{rel}","templated":true}]}}